{"id":102,"date":"2021-08-24T17:45:55","date_gmt":"2021-08-24T15:45:55","guid":{"rendered":"https:\/\/l2e.be\/?page_id=102"},"modified":"2021-08-24T23:35:47","modified_gmt":"2021-08-24T21:35:47","slug":"notre-offre-2","status":"publish","type":"page","link":"https:\/\/l2e.be\/index.php\/notre-offre-2\/","title":{"rendered":"Notre offre"},"content":{"rendered":"\n<h2 class=\"wp-block-heading\">UN SERVICE GLOBAL POUR LE CONFORT \u00c9LECTRIQUE DE VOTRE MAISON<\/h2>\n\n\n\n<p>Vous r\u00eavez de construire\/r\u00e9nover votre habitation et d\u2019y vivre confortablement tout en \u00e9conomisant l\u2019\u00e9nergie\u00a0?<\/p>\n\n\n\n<p> L2E propose des\u00a0<strong>solutions \u00e9lectriques et \u00e9cologiques performantes<\/strong>\u00a0dont l\u2019objectif est de vous apporter un maximum de bien-\u00eatre \u00e0 votre domicile.<\/p>\n\n\n\n<h2 class=\"wp-block-heading\">DU PHOTOVOLTA\u00cfQUE \u00c0 LA DOMOTIQUE, EN PASSANT PAR LES POMPES \u00c0 CHALEUR<\/h2>\n\n\n\n<p>Gr\u00e2ce \u00e0 sa longue exp\u00e9rience et sa recherche constante de la qualit\u00e9, L2E s\u2019est forg\u00e9 une r\u00e9putation de sp\u00e9cialiste dans les domaines suivants\u00a0:<\/p>\n\n\n\n<ul class=\"wp-block-list\"><li><a href=\"http:\/\/www.meganelec.be\/panneaux-photovoltaiques\">panneaux photovolta\u00efques<\/a><\/li><li><a href=\"http:\/\/www.meganelec.be\/pompe-chaleur\">pompes \u00e0 chaleur<\/a><\/li><li><a href=\"http:\/\/www.meganelec.be\/ventilation-mecanique-controlee\">VMC<\/a><\/li><li><a href=\"http:\/\/www.meganelec.be\/electricite-generale\">domotique<\/a><\/li><li><a href=\"http:\/\/www.meganelec.be\/electricite-industrielle\">installation \u00e9lectrique d\u2019envergure\u2026<\/a><\/li><\/ul>\n\n\n\n<h2 class=\"wp-block-heading\">DES SERVICES ET DU MAT\u00c9RIEL HAUT DE GAMME<\/h2>\n\n\n\n<p>Notre \u00e9quipe de professionnels suit votre projet depuis les&nbsp;<strong>\u00e9tudes de faisabilit\u00e9<\/strong>&nbsp;jusqu\u2019\u00e0 la&nbsp;<strong>maintenance<\/strong>&nbsp;des syst\u00e8mes install\u00e9s. Tout est minutieusement r\u00e9fl\u00e9chi pour vous offrir les&nbsp;<strong>solutions adapt\u00e9es \u00e0 vos besoins<\/strong>&nbsp;et aux sp\u00e9cificit\u00e9s de votre b\u00e2timent, dans le respect de votre budget.<\/p>\n\n\n\n<p>Le mat\u00e9riel que nous installons r\u00e9pond aux\u00a0<strong>normes les plus exigeantes<\/strong>\u00a0en mati\u00e8re de qualit\u00e9 et provient de\u00a0<strong>fournisseurs belges<\/strong>\u00a0s\u00e9lectionn\u00e9s avec le plus grand soin.<\/p>\n","protected":false},"excerpt":{"rendered":"<p>UN SERVICE GLOBAL POUR LE CONFORT \u00c9LECTRIQUE DE VOTRE MAISON Vous r\u00eavez de construire\/r\u00e9nover votre habitation et d\u2019y vivre confortablement tout en \u00e9conomisant l\u2019\u00e9nergie\u00a0? L2E propose des\u00a0solutions \u00e9lectriques et \u00e9cologiques performantes\u00a0dont l\u2019objectif est de vous apporter un maximum de bien-\u00eatre \u00e0 votre domicile. DU PHOTOVOLTA\u00cfQUE \u00c0 LA DOMOTIQUE, EN PASSANT PAR LES POMPES \u00c0 CHALEUR [&hellip;]<\/p>\n","protected":false},"author":1,"featured_media":0,"parent":0,"menu_order":0,"comment_status":"closed","ping_status":"closed","template":"","meta":{"footnotes":""},"class_list":["post-102","page","type-page","status-publish","hentry"],"_links":{"self":[{"href":"https:\/\/l2e.be\/index.php\/wp-json\/wp\/v2\/pages\/102"}],"collection":[{"href":"https:\/\/l2e.be\/index.php\/wp-json\/wp\/v2\/pages"}],"about":[{"href":"https:\/\/l2e.be\/index.php\/wp-json\/wp\/v2\/types\/page"}],"author":[{"embeddable":true,"href":"https:\/\/l2e.be\/index.php\/wp-json\/wp\/v2\/users\/1"}],"replies":[{"embeddable":true,"href":"https:\/\/l2e.be\/index.php\/wp-json\/wp\/v2\/comments?post=102"}],"version-history":[{"count":2,"href":"https:\/\/l2e.be\/index.php\/wp-json\/wp\/v2\/pages\/102\/revisions"}],"predecessor-version":[{"id":141,"href":"https:\/\/l2e.be\/index.php\/wp-json\/wp\/v2\/pages\/102\/revisions\/141"}],"wp:attachment":[{"href":"https:\/\/l2e.be\/index.php\/wp-json\/wp\/v2\/media?parent=102"}],"curies":[{"name":"wp","href":"https:\/\/api.w.org\/{rel}","templated":true}]}}