{"id":103,"date":"2021-08-24T17:45:55","date_gmt":"2021-08-24T15:45:55","guid":{"rendered":"https:\/\/l2e.be\/?page_id=103"},"modified":"2021-08-24T23:52:55","modified_gmt":"2021-08-24T21:52:55","slug":"references","status":"publish","type":"page","link":"https:\/\/l2e.be\/index.php\/references\/","title":{"rendered":"R\u00e9f\u00e9rences"},"content":{"rendered":"\n<h2 class=\"wp-block-heading\">LE COURANT PASSE BIEN AVEC NOS CLIENTS\u2026<\/h2>\n\n\n\n<p>Depuis sa cr\u00e9ation, L2E a su cr\u00e9er<strong>&nbsp;une relation de confiance avec ses clients<\/strong>, qu\u2019ils soient particuliers, professionnels ou issus du secteur public.<\/p>\n\n\n\n<figure class=\"wp-block-gallery columns-3 is-cropped wp-block-gallery-1 is-layout-flex wp-block-gallery-is-layout-flex\"><ul class=\"blocks-gallery-grid\"><li class=\"blocks-gallery-item\"><figure><img loading=\"lazy\" decoding=\"async\" width=\"768\" height=\"1024\" src=\"https:\/\/l2e.be\/wp-content\/uploads\/2021\/08\/4BE76C7C-465D-40FA-B4A7-744794A6DD2E-768x1024.jpeg\" alt=\"\" data-id=\"143\" data-full-url=\"https:\/\/l2e.be\/wp-content\/uploads\/2021\/08\/4BE76C7C-465D-40FA-B4A7-744794A6DD2E-scaled.jpeg\" data-link=\"https:\/\/l2e.be\/index.php\/references\/4be76c7c-465d-40fa-b4a7-744794a6dd2e\/\" class=\"wp-image-143\" srcset=\"https:\/\/l2e.be\/wp-content\/uploads\/2021\/08\/4BE76C7C-465D-40FA-B4A7-744794A6DD2E-768x1024.jpeg 768w, https:\/\/l2e.be\/wp-content\/uploads\/2021\/08\/4BE76C7C-465D-40FA-B4A7-744794A6DD2E-225x300.jpeg 225w, https:\/\/l2e.be\/wp-content\/uploads\/2021\/08\/4BE76C7C-465D-40FA-B4A7-744794A6DD2E-1152x1536.jpeg 1152w, https:\/\/l2e.be\/wp-content\/uploads\/2021\/08\/4BE76C7C-465D-40FA-B4A7-744794A6DD2E-1536x2048.jpeg 1536w, https:\/\/l2e.be\/wp-content\/uploads\/2021\/08\/4BE76C7C-465D-40FA-B4A7-744794A6DD2E-scaled.jpeg 1920w\" sizes=\"(max-width: 768px) 100vw, 768px\" \/><\/figure><\/li><li class=\"blocks-gallery-item\"><figure><img loading=\"lazy\" decoding=\"async\" width=\"768\" height=\"1024\" src=\"https:\/\/l2e.be\/wp-content\/uploads\/2021\/08\/70DCDD41-B8CC-4200-B75A-A294BB1B155A-768x1024.jpeg\" alt=\"\" data-id=\"144\" data-full-url=\"https:\/\/l2e.be\/wp-content\/uploads\/2021\/08\/70DCDD41-B8CC-4200-B75A-A294BB1B155A-scaled.jpeg\" data-link=\"https:\/\/l2e.be\/index.php\/references\/70dcdd41-b8cc-4200-b75a-a294bb1b155a\/\" class=\"wp-image-144\" srcset=\"https:\/\/l2e.be\/wp-content\/uploads\/2021\/08\/70DCDD41-B8CC-4200-B75A-A294BB1B155A-768x1024.jpeg 768w, https:\/\/l2e.be\/wp-content\/uploads\/2021\/08\/70DCDD41-B8CC-4200-B75A-A294BB1B155A-225x300.jpeg 225w, https:\/\/l2e.be\/wp-content\/uploads\/2021\/08\/70DCDD41-B8CC-4200-B75A-A294BB1B155A-1152x1536.jpeg 1152w, https:\/\/l2e.be\/wp-content\/uploads\/2021\/08\/70DCDD41-B8CC-4200-B75A-A294BB1B155A-1536x2048.jpeg 1536w, https:\/\/l2e.be\/wp-content\/uploads\/2021\/08\/70DCDD41-B8CC-4200-B75A-A294BB1B155A-scaled.jpeg 1920w\" sizes=\"(max-width: 768px) 100vw, 768px\" \/><\/figure><\/li><li class=\"blocks-gallery-item\"><figure><img loading=\"lazy\" decoding=\"async\" width=\"768\" height=\"1024\" src=\"https:\/\/l2e.be\/wp-content\/uploads\/2021\/08\/3D194B15-6A45-4727-B998-427246144980-768x1024.jpeg\" alt=\"\" data-id=\"146\" data-full-url=\"https:\/\/l2e.be\/wp-content\/uploads\/2021\/08\/3D194B15-6A45-4727-B998-427246144980-scaled.jpeg\" data-link=\"https:\/\/l2e.be\/index.php\/references\/3d194b15-6a45-4727-b998-427246144980\/\" class=\"wp-image-146\" srcset=\"https:\/\/l2e.be\/wp-content\/uploads\/2021\/08\/3D194B15-6A45-4727-B998-427246144980-768x1024.jpeg 768w, https:\/\/l2e.be\/wp-content\/uploads\/2021\/08\/3D194B15-6A45-4727-B998-427246144980-225x300.jpeg 225w, https:\/\/l2e.be\/wp-content\/uploads\/2021\/08\/3D194B15-6A45-4727-B998-427246144980-1152x1536.jpeg 1152w, https:\/\/l2e.be\/wp-content\/uploads\/2021\/08\/3D194B15-6A45-4727-B998-427246144980-1536x2048.jpeg 1536w, https:\/\/l2e.be\/wp-content\/uploads\/2021\/08\/3D194B15-6A45-4727-B998-427246144980-scaled.jpeg 1920w\" sizes=\"(max-width: 768px) 100vw, 768px\" \/><\/figure><\/li><li class=\"blocks-gallery-item\"><figure><img loading=\"lazy\" decoding=\"async\" width=\"768\" height=\"1024\" src=\"https:\/\/l2e.be\/wp-content\/uploads\/2021\/08\/05674D5F-C7E5-451A-890C-EAE13C5EE254-768x1024.jpeg\" alt=\"\" data-id=\"147\" data-full-url=\"https:\/\/l2e.be\/wp-content\/uploads\/2021\/08\/05674D5F-C7E5-451A-890C-EAE13C5EE254-scaled.jpeg\" data-link=\"https:\/\/l2e.be\/index.php\/references\/05674d5f-c7e5-451a-890c-eae13c5ee254\/\" class=\"wp-image-147\" srcset=\"https:\/\/l2e.be\/wp-content\/uploads\/2021\/08\/05674D5F-C7E5-451A-890C-EAE13C5EE254-768x1024.jpeg 768w, https:\/\/l2e.be\/wp-content\/uploads\/2021\/08\/05674D5F-C7E5-451A-890C-EAE13C5EE254-225x300.jpeg 225w, https:\/\/l2e.be\/wp-content\/uploads\/2021\/08\/05674D5F-C7E5-451A-890C-EAE13C5EE254-1152x1536.jpeg 1152w, https:\/\/l2e.be\/wp-content\/uploads\/2021\/08\/05674D5F-C7E5-451A-890C-EAE13C5EE254-1536x2048.jpeg 1536w, https:\/\/l2e.be\/wp-content\/uploads\/2021\/08\/05674D5F-C7E5-451A-890C-EAE13C5EE254-scaled.jpeg 1920w\" sizes=\"(max-width: 768px) 100vw, 768px\" \/><\/figure><\/li><li class=\"blocks-gallery-item\"><figure><img loading=\"lazy\" decoding=\"async\" width=\"1024\" height=\"768\" src=\"https:\/\/l2e.be\/wp-content\/uploads\/2021\/08\/CA6F5B19-A169-47E7-A553-2CAC3ABC71AC-1024x768.jpeg\" alt=\"\" data-id=\"148\" data-full-url=\"https:\/\/l2e.be\/wp-content\/uploads\/2021\/08\/CA6F5B19-A169-47E7-A553-2CAC3ABC71AC-scaled.jpeg\" data-link=\"https:\/\/l2e.be\/index.php\/references\/ca6f5b19-a169-47e7-a553-2cac3abc71ac\/\" class=\"wp-image-148\" srcset=\"https:\/\/l2e.be\/wp-content\/uploads\/2021\/08\/CA6F5B19-A169-47E7-A553-2CAC3ABC71AC-1024x768.jpeg 1024w, https:\/\/l2e.be\/wp-content\/uploads\/2021\/08\/CA6F5B19-A169-47E7-A553-2CAC3ABC71AC-300x225.jpeg 300w, https:\/\/l2e.be\/wp-content\/uploads\/2021\/08\/CA6F5B19-A169-47E7-A553-2CAC3ABC71AC-768x576.jpeg 768w, https:\/\/l2e.be\/wp-content\/uploads\/2021\/08\/CA6F5B19-A169-47E7-A553-2CAC3ABC71AC-1536x1152.jpeg 1536w, https:\/\/l2e.be\/wp-content\/uploads\/2021\/08\/CA6F5B19-A169-47E7-A553-2CAC3ABC71AC-2048x1536.jpeg 2048w\" sizes=\"(max-width: 1024px) 100vw, 1024px\" \/><\/figure><\/li><li class=\"blocks-gallery-item\"><figure><img loading=\"lazy\" decoding=\"async\" width=\"768\" height=\"1024\" src=\"https:\/\/l2e.be\/wp-content\/uploads\/2021\/08\/71ADD4A0-723D-4560-AF48-029A486B8E61-768x1024.jpeg\" alt=\"\" data-id=\"149\" data-full-url=\"https:\/\/l2e.be\/wp-content\/uploads\/2021\/08\/71ADD4A0-723D-4560-AF48-029A486B8E61-scaled.jpeg\" data-link=\"https:\/\/l2e.be\/index.php\/references\/71add4a0-723d-4560-af48-029a486b8e61\/\" class=\"wp-image-149\" srcset=\"https:\/\/l2e.be\/wp-content\/uploads\/2021\/08\/71ADD4A0-723D-4560-AF48-029A486B8E61-768x1024.jpeg 768w, https:\/\/l2e.be\/wp-content\/uploads\/2021\/08\/71ADD4A0-723D-4560-AF48-029A486B8E61-225x300.jpeg 225w, https:\/\/l2e.be\/wp-content\/uploads\/2021\/08\/71ADD4A0-723D-4560-AF48-029A486B8E61-1152x1536.jpeg 1152w, https:\/\/l2e.be\/wp-content\/uploads\/2021\/08\/71ADD4A0-723D-4560-AF48-029A486B8E61-1536x2048.jpeg 1536w, https:\/\/l2e.be\/wp-content\/uploads\/2021\/08\/71ADD4A0-723D-4560-AF48-029A486B8E61-scaled.jpeg 1920w\" sizes=\"(max-width: 768px) 100vw, 768px\" \/><\/figure><\/li><li class=\"blocks-gallery-item\"><figure><img loading=\"lazy\" decoding=\"async\" width=\"768\" height=\"1024\" src=\"https:\/\/l2e.be\/wp-content\/uploads\/2021\/08\/44C48C37-CA90-4C81-95F2-F259A8CB5654-768x1024.jpeg\" alt=\"\" data-id=\"151\" data-full-url=\"https:\/\/l2e.be\/wp-content\/uploads\/2021\/08\/44C48C37-CA90-4C81-95F2-F259A8CB5654-scaled.jpeg\" data-link=\"https:\/\/l2e.be\/index.php\/references\/44c48c37-ca90-4c81-95f2-f259a8cb5654\/\" class=\"wp-image-151\" srcset=\"https:\/\/l2e.be\/wp-content\/uploads\/2021\/08\/44C48C37-CA90-4C81-95F2-F259A8CB5654-768x1024.jpeg 768w, https:\/\/l2e.be\/wp-content\/uploads\/2021\/08\/44C48C37-CA90-4C81-95F2-F259A8CB5654-225x300.jpeg 225w, https:\/\/l2e.be\/wp-content\/uploads\/2021\/08\/44C48C37-CA90-4C81-95F2-F259A8CB5654-1152x1536.jpeg 1152w, https:\/\/l2e.be\/wp-content\/uploads\/2021\/08\/44C48C37-CA90-4C81-95F2-F259A8CB5654-1536x2048.jpeg 1536w, https:\/\/l2e.be\/wp-content\/uploads\/2021\/08\/44C48C37-CA90-4C81-95F2-F259A8CB5654-scaled.jpeg 1920w\" sizes=\"(max-width: 768px) 100vw, 768px\" \/><\/figure><\/li><li class=\"blocks-gallery-item\"><figure><img loading=\"lazy\" decoding=\"async\" width=\"768\" height=\"1024\" src=\"https:\/\/l2e.be\/wp-content\/uploads\/2021\/08\/0C5AD4B4-0F0A-4E00-BE99-D976FE605AD4-768x1024.jpeg\" alt=\"\" data-id=\"152\" data-full-url=\"https:\/\/l2e.be\/wp-content\/uploads\/2021\/08\/0C5AD4B4-0F0A-4E00-BE99-D976FE605AD4-scaled.jpeg\" data-link=\"https:\/\/l2e.be\/index.php\/references\/0c5ad4b4-0f0a-4e00-be99-d976fe605ad4\/\" class=\"wp-image-152\" srcset=\"https:\/\/l2e.be\/wp-content\/uploads\/2021\/08\/0C5AD4B4-0F0A-4E00-BE99-D976FE605AD4-768x1024.jpeg 768w, https:\/\/l2e.be\/wp-content\/uploads\/2021\/08\/0C5AD4B4-0F0A-4E00-BE99-D976FE605AD4-225x300.jpeg 225w, https:\/\/l2e.be\/wp-content\/uploads\/2021\/08\/0C5AD4B4-0F0A-4E00-BE99-D976FE605AD4-1152x1536.jpeg 1152w, https:\/\/l2e.be\/wp-content\/uploads\/2021\/08\/0C5AD4B4-0F0A-4E00-BE99-D976FE605AD4-1536x2048.jpeg 1536w, https:\/\/l2e.be\/wp-content\/uploads\/2021\/08\/0C5AD4B4-0F0A-4E00-BE99-D976FE605AD4-scaled.jpeg 1920w\" sizes=\"(max-width: 768px) 100vw, 768px\" \/><\/figure><\/li><li class=\"blocks-gallery-item\"><figure><img loading=\"lazy\" decoding=\"async\" width=\"768\" height=\"1024\" src=\"https:\/\/l2e.be\/wp-content\/uploads\/2021\/08\/ACE3A1E1-511A-4B47-B670-92992A0D615D-768x1024.jpeg\" alt=\"\" data-id=\"153\" data-full-url=\"https:\/\/l2e.be\/wp-content\/uploads\/2021\/08\/ACE3A1E1-511A-4B47-B670-92992A0D615D-scaled.jpeg\" data-link=\"https:\/\/l2e.be\/index.php\/references\/ace3a1e1-511a-4b47-b670-92992a0d615d\/\" class=\"wp-image-153\" srcset=\"https:\/\/l2e.be\/wp-content\/uploads\/2021\/08\/ACE3A1E1-511A-4B47-B670-92992A0D615D-768x1024.jpeg 768w, https:\/\/l2e.be\/wp-content\/uploads\/2021\/08\/ACE3A1E1-511A-4B47-B670-92992A0D615D-225x300.jpeg 225w, https:\/\/l2e.be\/wp-content\/uploads\/2021\/08\/ACE3A1E1-511A-4B47-B670-92992A0D615D-1152x1536.jpeg 1152w, https:\/\/l2e.be\/wp-content\/uploads\/2021\/08\/ACE3A1E1-511A-4B47-B670-92992A0D615D-1536x2048.jpeg 1536w, https:\/\/l2e.be\/wp-content\/uploads\/2021\/08\/ACE3A1E1-511A-4B47-B670-92992A0D615D-scaled.jpeg 1920w\" sizes=\"(max-width: 768px) 100vw, 768px\" \/><\/figure><\/li><li class=\"blocks-gallery-item\"><figure><img loading=\"lazy\" decoding=\"async\" width=\"1024\" height=\"768\" src=\"https:\/\/l2e.be\/wp-content\/uploads\/2021\/08\/9B2F21AB-D43C-45A1-8F0F-AC6889F7A643-1024x768.jpeg\" alt=\"\" data-id=\"155\" data-full-url=\"https:\/\/l2e.be\/wp-content\/uploads\/2021\/08\/9B2F21AB-D43C-45A1-8F0F-AC6889F7A643-scaled.jpeg\" data-link=\"https:\/\/l2e.be\/index.php\/references\/9b2f21ab-d43c-45a1-8f0f-ac6889f7a643\/\" class=\"wp-image-155\" srcset=\"https:\/\/l2e.be\/wp-content\/uploads\/2021\/08\/9B2F21AB-D43C-45A1-8F0F-AC6889F7A643-1024x768.jpeg 1024w, https:\/\/l2e.be\/wp-content\/uploads\/2021\/08\/9B2F21AB-D43C-45A1-8F0F-AC6889F7A643-300x225.jpeg 300w, https:\/\/l2e.be\/wp-content\/uploads\/2021\/08\/9B2F21AB-D43C-45A1-8F0F-AC6889F7A643-768x576.jpeg 768w, https:\/\/l2e.be\/wp-content\/uploads\/2021\/08\/9B2F21AB-D43C-45A1-8F0F-AC6889F7A643-1536x1152.jpeg 1536w, https:\/\/l2e.be\/wp-content\/uploads\/2021\/08\/9B2F21AB-D43C-45A1-8F0F-AC6889F7A643-2048x1536.jpeg 2048w\" sizes=\"(max-width: 1024px) 100vw, 1024px\" \/><\/figure><\/li><li class=\"blocks-gallery-item\"><figure><img loading=\"lazy\" decoding=\"async\" width=\"768\" height=\"1024\" src=\"https:\/\/l2e.be\/wp-content\/uploads\/2021\/08\/E867D9E7-390C-4E50-8885-E8F8A09F8F26-768x1024.jpeg\" alt=\"\" data-id=\"156\" data-full-url=\"https:\/\/l2e.be\/wp-content\/uploads\/2021\/08\/E867D9E7-390C-4E50-8885-E8F8A09F8F26-scaled.jpeg\" data-link=\"https:\/\/l2e.be\/index.php\/references\/e867d9e7-390c-4e50-8885-e8f8a09f8f26\/\" class=\"wp-image-156\" srcset=\"https:\/\/l2e.be\/wp-content\/uploads\/2021\/08\/E867D9E7-390C-4E50-8885-E8F8A09F8F26-768x1024.jpeg 768w, https:\/\/l2e.be\/wp-content\/uploads\/2021\/08\/E867D9E7-390C-4E50-8885-E8F8A09F8F26-225x300.jpeg 225w, https:\/\/l2e.be\/wp-content\/uploads\/2021\/08\/E867D9E7-390C-4E50-8885-E8F8A09F8F26-1152x1536.jpeg 1152w, https:\/\/l2e.be\/wp-content\/uploads\/2021\/08\/E867D9E7-390C-4E50-8885-E8F8A09F8F26-1536x2048.jpeg 1536w, https:\/\/l2e.be\/wp-content\/uploads\/2021\/08\/E867D9E7-390C-4E50-8885-E8F8A09F8F26-scaled.jpeg 1920w\" sizes=\"(max-width: 768px) 100vw, 768px\" \/><\/figure><\/li><li class=\"blocks-gallery-item\"><figure><img loading=\"lazy\" decoding=\"async\" width=\"768\" height=\"1024\" src=\"https:\/\/l2e.be\/wp-content\/uploads\/2021\/08\/2718097A-ABCF-4B86-9837-2526C3C7DF97-768x1024.jpeg\" alt=\"\" data-id=\"157\" data-full-url=\"https:\/\/l2e.be\/wp-content\/uploads\/2021\/08\/2718097A-ABCF-4B86-9837-2526C3C7DF97-scaled.jpeg\" data-link=\"https:\/\/l2e.be\/index.php\/references\/2718097a-abcf-4b86-9837-2526c3c7df97\/\" class=\"wp-image-157\" srcset=\"https:\/\/l2e.be\/wp-content\/uploads\/2021\/08\/2718097A-ABCF-4B86-9837-2526C3C7DF97-768x1024.jpeg 768w, https:\/\/l2e.be\/wp-content\/uploads\/2021\/08\/2718097A-ABCF-4B86-9837-2526C3C7DF97-225x300.jpeg 225w, https:\/\/l2e.be\/wp-content\/uploads\/2021\/08\/2718097A-ABCF-4B86-9837-2526C3C7DF97-1152x1536.jpeg 1152w, https:\/\/l2e.be\/wp-content\/uploads\/2021\/08\/2718097A-ABCF-4B86-9837-2526C3C7DF97-1536x2048.jpeg 1536w, https:\/\/l2e.be\/wp-content\/uploads\/2021\/08\/2718097A-ABCF-4B86-9837-2526C3C7DF97-scaled.jpeg 1920w\" sizes=\"(max-width: 768px) 100vw, 768px\" \/><\/figure><\/li><li class=\"blocks-gallery-item\"><figure><img loading=\"lazy\" decoding=\"async\" width=\"1024\" height=\"768\" src=\"https:\/\/l2e.be\/wp-content\/uploads\/2021\/08\/10FBABAE-1941-4DB1-A725-D19D953C829E-1024x768.jpeg\" alt=\"\" data-id=\"158\" data-full-url=\"https:\/\/l2e.be\/wp-content\/uploads\/2021\/08\/10FBABAE-1941-4DB1-A725-D19D953C829E-scaled.jpeg\" data-link=\"https:\/\/l2e.be\/index.php\/references\/10fbabae-1941-4db1-a725-d19d953c829e\/\" class=\"wp-image-158\" srcset=\"https:\/\/l2e.be\/wp-content\/uploads\/2021\/08\/10FBABAE-1941-4DB1-A725-D19D953C829E-1024x768.jpeg 1024w, https:\/\/l2e.be\/wp-content\/uploads\/2021\/08\/10FBABAE-1941-4DB1-A725-D19D953C829E-300x225.jpeg 300w, https:\/\/l2e.be\/wp-content\/uploads\/2021\/08\/10FBABAE-1941-4DB1-A725-D19D953C829E-768x576.jpeg 768w, https:\/\/l2e.be\/wp-content\/uploads\/2021\/08\/10FBABAE-1941-4DB1-A725-D19D953C829E-1536x1152.jpeg 1536w, https:\/\/l2e.be\/wp-content\/uploads\/2021\/08\/10FBABAE-1941-4DB1-A725-D19D953C829E-2048x1536.jpeg 2048w\" sizes=\"(max-width: 1024px) 100vw, 1024px\" \/><\/figure><\/li><\/ul><figcaption class=\"blocks-gallery-caption\">Quelques r\u00e9f\u00e9rences de nos r\u00e9alisations<\/figcaption><\/figure>\n","protected":false},"excerpt":{"rendered":"<p>LE COURANT PASSE BIEN AVEC NOS CLIENTS\u2026 Depuis sa cr\u00e9ation, L2E a su cr\u00e9er&nbsp;une relation de confiance avec ses clients, qu\u2019ils soient particuliers, professionnels ou issus du secteur public.<\/p>\n","protected":false},"author":1,"featured_media":0,"parent":0,"menu_order":0,"comment_status":"closed","ping_status":"closed","template":"","meta":{"footnotes":""},"class_list":["post-103","page","type-page","status-publish","hentry"],"_links":{"self":[{"href":"https:\/\/l2e.be\/index.php\/wp-json\/wp\/v2\/pages\/103"}],"collection":[{"href":"https:\/\/l2e.be\/index.php\/wp-json\/wp\/v2\/pages"}],"about":[{"href":"https:\/\/l2e.be\/index.php\/wp-json\/wp\/v2\/types\/page"}],"author":[{"embeddable":true,"href":"https:\/\/l2e.be\/index.php\/wp-json\/wp\/v2\/users\/1"}],"replies":[{"embeddable":true,"href":"https:\/\/l2e.be\/index.php\/wp-json\/wp\/v2\/comments?post=103"}],"version-history":[{"count":4,"href":"https:\/\/l2e.be\/index.php\/wp-json\/wp\/v2\/pages\/103\/revisions"}],"predecessor-version":[{"id":160,"href":"https:\/\/l2e.be\/index.php\/wp-json\/wp\/v2\/pages\/103\/revisions\/160"}],"wp:attachment":[{"href":"https:\/\/l2e.be\/index.php\/wp-json\/wp\/v2\/media?parent=103"}],"curies":[{"name":"wp","href":"https:\/\/api.w.org\/{rel}","templated":true}]}}