{"id":14,"date":"2021-08-09T18:25:35","date_gmt":"2021-08-09T16:25:35","guid":{"rendered":"http:\/\/l2e.be\/?page_id=14"},"modified":"2021-08-24T23:14:29","modified_gmt":"2021-08-24T21:14:29","slug":"contact","status":"publish","type":"page","link":"https:\/\/l2e.be\/","title":{"rendered":"PERFORMANCES \u00c9LECTRIQUES ET \u00c9COLOGIQUES POUR ENTREPRISES ET PARTICULIERS"},"content":{"rendered":"\n<p>L2E r\u00e9alise les \u00e9tudes et installations \u00e9lectriques de votre b\u00e2timent, qu\u2019il s\u2019agisse d\u2019\u00e9clairage, de domotique, de thermor\u00e9gulation&#8230; Nous sommes aussi experts en placement de panneaux photovolta\u00efques, de pompes \u00e0 chaleur, et de syst\u00e8mes de ventilation.<\/p>\n\n\n\n<p>D\u00e9couvrez nos services et les comp\u00e9tences que nous mettons en \u0153uvre pour satisfaire notre client\u00e8le.<\/p>\n","protected":false},"excerpt":{"rendered":"<p>L2E r\u00e9alise les \u00e9tudes et installations \u00e9lectriques de votre b\u00e2timent, qu\u2019il s\u2019agisse d\u2019\u00e9clairage, de domotique, de thermor\u00e9gulation&#8230; Nous sommes aussi experts en placement de panneaux photovolta\u00efques, de pompes \u00e0 chaleur, et de syst\u00e8mes de ventilation. D\u00e9couvrez nos services et les comp\u00e9tences que nous mettons en \u0153uvre pour satisfaire notre client\u00e8le.<\/p>\n","protected":false},"author":1,"featured_media":0,"parent":0,"menu_order":0,"comment_status":"closed","ping_status":"closed","template":"templates\/home-template.php","meta":{"footnotes":""},"class_list":["post-14","page","type-page","status-publish","hentry"],"_links":{"self":[{"href":"https:\/\/l2e.be\/index.php\/wp-json\/wp\/v2\/pages\/14"}],"collection":[{"href":"https:\/\/l2e.be\/index.php\/wp-json\/wp\/v2\/pages"}],"about":[{"href":"https:\/\/l2e.be\/index.php\/wp-json\/wp\/v2\/types\/page"}],"author":[{"embeddable":true,"href":"https:\/\/l2e.be\/index.php\/wp-json\/wp\/v2\/users\/1"}],"replies":[{"embeddable":true,"href":"https:\/\/l2e.be\/index.php\/wp-json\/wp\/v2\/comments?post=14"}],"version-history":[{"count":4,"href":"https:\/\/l2e.be\/index.php\/wp-json\/wp\/v2\/pages\/14\/revisions"}],"predecessor-version":[{"id":119,"href":"https:\/\/l2e.be\/index.php\/wp-json\/wp\/v2\/pages\/14\/revisions\/119"}],"wp:attachment":[{"href":"https:\/\/l2e.be\/index.php\/wp-json\/wp\/v2\/media?parent=14"}],"curies":[{"name":"wp","href":"https:\/\/api.w.org\/{rel}","templated":true}]}}